{"id":123,"date":"2023-12-29T18:33:15","date_gmt":"2023-12-29T17:33:15","guid":{"rendered":"https:\/\/3topole.home.pl\/autoinstalator\/wordpressplugins\/?page_id=123"},"modified":"2024-01-11T09:32:26","modified_gmt":"2024-01-11T08:32:26","slug":"books","status":"publish","type":"page","link":"https:\/\/agataluksza.com\/index.php\/my-books\/books\/","title":{"rendered":"Books"},"content":{"rendered":"\n<figure class=\"wp-block-gallery alignwide has-nested-images columns-2 wp-block-gallery-5 is-layout-flex wp-block-gallery-is-layout-flex\">\n<figure class=\"wp-block-image size-large wp-duotone-unset-1\"><a href=\"https:\/\/agataluksza.com\/index.php\/my-books\/books\/polish-theatre-revisited-theatre-fans-in-the-nineteenth-century\/\"><img fetchpriority=\"high\" decoding=\"async\" width=\"683\" height=\"1024\" data-id=\"109\" src=\"https:\/\/3topole.home.pl\/autoinstalator\/wordpressplugins\/wp-content\/uploads\/2023\/12\/9781609389291-1-683x1024.jpeg\" alt=\"\" class=\"wp-image-109\" srcset=\"https:\/\/agataluksza.com\/wp-content\/uploads\/2023\/12\/9781609389291-1-683x1024.jpeg 683w, https:\/\/agataluksza.com\/wp-content\/uploads\/2023\/12\/9781609389291-1-200x300.jpeg 200w, https:\/\/agataluksza.com\/wp-content\/uploads\/2023\/12\/9781609389291-1-768x1152.jpeg 768w, https:\/\/agataluksza.com\/wp-content\/uploads\/2023\/12\/9781609389291-1-1024x1536.jpeg 1024w, https:\/\/agataluksza.com\/wp-content\/uploads\/2023\/12\/9781609389291-1-1366x2048.jpeg 1366w, https:\/\/agataluksza.com\/wp-content\/uploads\/2023\/12\/9781609389291-1.jpeg 1707w\" sizes=\"(max-width: 683px) 100vw, 683px\" \/><\/a><\/figure>\n\n\n\n<figure class=\"wp-block-image size-large wp-duotone-unset-2\"><a href=\"https:\/\/agataluksza.com\/index.php\/my-books\/books\/tort-marcello\/\"><img decoding=\"async\" width=\"515\" height=\"770\" data-id=\"29\" src=\"https:\/\/3topole.home.pl\/autoinstalator\/wordpressplugins\/wp-content\/uploads\/2023\/12\/luksza-tort.jpg\" alt=\"\" class=\"wp-image-29\" srcset=\"https:\/\/agataluksza.com\/wp-content\/uploads\/2023\/12\/luksza-tort.jpg 515w, https:\/\/agataluksza.com\/wp-content\/uploads\/2023\/12\/luksza-tort-201x300.jpg 201w\" sizes=\"(max-width: 515px) 100vw, 515px\" \/><\/a><\/figure>\n\n\n\n<figure class=\"wp-block-image size-large wp-duotone-unset-3\"><img decoding=\"async\" width=\"500\" height=\"685\" data-id=\"28\" src=\"https:\/\/3topole.home.pl\/autoinstalator\/wordpressplugins\/wp-content\/uploads\/2023\/12\/2016-glamour-1.jpg\" alt=\"\" class=\"wp-image-28\" srcset=\"https:\/\/agataluksza.com\/wp-content\/uploads\/2023\/12\/2016-glamour-1.jpg 500w, https:\/\/agataluksza.com\/wp-content\/uploads\/2023\/12\/2016-glamour-1-219x300.jpg 219w\" sizes=\"(max-width: 500px) 100vw, 500px\" \/><\/figure>\n\n\n\n<figure class=\"wp-block-image size-large wp-duotone-unset-4\"><img loading=\"lazy\" decoding=\"async\" width=\"458\" height=\"458\" data-id=\"252\" src=\"https:\/\/3topole.home.pl\/autoinstalator\/wordpressplugins\/wp-content\/uploads\/2024\/01\/hypatia-zestaw.jpeg\" alt=\"\" class=\"wp-image-252\" srcset=\"https:\/\/agataluksza.com\/wp-content\/uploads\/2024\/01\/hypatia-zestaw.jpeg 458w, https:\/\/agataluksza.com\/wp-content\/uploads\/2024\/01\/hypatia-zestaw-300x300.jpeg 300w, https:\/\/agataluksza.com\/wp-content\/uploads\/2024\/01\/hypatia-zestaw-150x150.jpeg 150w\" sizes=\"(max-width: 458px) 100vw, 458px\" \/><figcaption class=\"wp-element-caption\">Rodzaju \u017ce\u0144skiego. Antologia dramat\u00f3w (Seria Hypatia)<\/figcaption><\/figure>\n<\/figure>\n","protected":false},"excerpt":{"rendered":"","protected":false},"author":1,"featured_media":0,"parent":23,"menu_order":0,"comment_status":"closed","ping_status":"closed","template":"","meta":{"footnotes":""},"class_list":["post-123","page","type-page","status-publish","hentry"],"yoast_head":"<!-- This site is optimized with the Yoast SEO plugin v21.8 - https:\/\/yoast.com\/wordpress\/plugins\/seo\/ -->\n<title>Books - Agata \u0141uksza<\/title>\n<meta name=\"robots\" content=\"index, follow, max-snippet:-1, max-image-preview:large, max-video-preview:-1\" \/>\n<link rel=\"canonical\" href=\"https:\/\/agataluksza.com\/index.php\/my-books\/books\/\" \/>\n<meta property=\"og:locale\" content=\"en_US\" \/>\n<meta property=\"og:type\" content=\"article\" \/>\n<meta property=\"og:title\" content=\"Books - Agata \u0141uksza\" \/>\n<meta property=\"og:url\" content=\"https:\/\/agataluksza.com\/index.php\/my-books\/books\/\" \/>\n<meta property=\"og:site_name\" content=\"Agata \u0141uksza\" \/>\n<meta property=\"article:modified_time\" content=\"2024-01-11T08:32:26+00:00\" \/>\n<meta property=\"og:image\" content=\"https:\/\/3topole.home.pl\/autoinstalator\/wordpressplugins\/wp-content\/uploads\/2023\/12\/9781609389291-1-683x1024.jpeg\" \/>\n<meta name=\"twitter:card\" content=\"summary_large_image\" \/>\n<meta name=\"twitter:label1\" content=\"Est. reading time\" \/>\n\t<meta name=\"twitter:data1\" content=\"1 minute\" \/>\n<script type=\"application\/ld+json\" class=\"yoast-schema-graph\">{\"@context\":\"https:\/\/schema.org\",\"@graph\":[{\"@type\":\"WebPage\",\"@id\":\"https:\/\/agataluksza.com\/index.php\/my-books\/books\/\",\"url\":\"https:\/\/agataluksza.com\/index.php\/my-books\/books\/\",\"name\":\"Books - Agata \u0141uksza\",\"isPartOf\":{\"@id\":\"https:\/\/agataluksza.com\/#website\"},\"datePublished\":\"2023-12-29T17:33:15+00:00\",\"dateModified\":\"2024-01-11T08:32:26+00:00\",\"breadcrumb\":{\"@id\":\"https:\/\/agataluksza.com\/index.php\/my-books\/books\/#breadcrumb\"},\"inLanguage\":\"en-US\",\"potentialAction\":[{\"@type\":\"ReadAction\",\"target\":[\"https:\/\/agataluksza.com\/index.php\/my-books\/books\/\"]}]},{\"@type\":\"BreadcrumbList\",\"@id\":\"https:\/\/agataluksza.com\/index.php\/my-books\/books\/#breadcrumb\",\"itemListElement\":[{\"@type\":\"ListItem\",\"position\":1,\"name\":\"Home\",\"item\":\"https:\/\/agataluksza.com\/\"},{\"@type\":\"ListItem\",\"position\":2,\"name\":\"Writing\",\"item\":\"https:\/\/agataluksza.com\/index.php\/my-books\/\"},{\"@type\":\"ListItem\",\"position\":3,\"name\":\"Books\"}]},{\"@type\":\"WebSite\",\"@id\":\"https:\/\/agataluksza.com\/#website\",\"url\":\"https:\/\/agataluksza.com\/\",\"name\":\"Agata \u0141uksza\",\"description\":\"\",\"potentialAction\":[{\"@type\":\"SearchAction\",\"target\":{\"@type\":\"EntryPoint\",\"urlTemplate\":\"https:\/\/agataluksza.com\/?s={search_term_string}\"},\"query-input\":\"required name=search_term_string\"}],\"inLanguage\":\"en-US\"}]}<\/script>\n<!-- \/ Yoast SEO plugin. -->","yoast_head_json":{"title":"Books - Agata \u0141uksza","robots":{"index":"index","follow":"follow","max-snippet":"max-snippet:-1","max-image-preview":"max-image-preview:large","max-video-preview":"max-video-preview:-1"},"canonical":"https:\/\/agataluksza.com\/index.php\/my-books\/books\/","og_locale":"en_US","og_type":"article","og_title":"Books - Agata \u0141uksza","og_url":"https:\/\/agataluksza.com\/index.php\/my-books\/books\/","og_site_name":"Agata \u0141uksza","article_modified_time":"2024-01-11T08:32:26+00:00","og_image":[{"url":"https:\/\/3topole.home.pl\/autoinstalator\/wordpressplugins\/wp-content\/uploads\/2023\/12\/9781609389291-1-683x1024.jpeg"}],"twitter_card":"summary_large_image","twitter_misc":{"Est. reading time":"1 minute"},"schema":{"@context":"https:\/\/schema.org","@graph":[{"@type":"WebPage","@id":"https:\/\/agataluksza.com\/index.php\/my-books\/books\/","url":"https:\/\/agataluksza.com\/index.php\/my-books\/books\/","name":"Books - Agata \u0141uksza","isPartOf":{"@id":"https:\/\/agataluksza.com\/#website"},"datePublished":"2023-12-29T17:33:15+00:00","dateModified":"2024-01-11T08:32:26+00:00","breadcrumb":{"@id":"https:\/\/agataluksza.com\/index.php\/my-books\/books\/#breadcrumb"},"inLanguage":"en-US","potentialAction":[{"@type":"ReadAction","target":["https:\/\/agataluksza.com\/index.php\/my-books\/books\/"]}]},{"@type":"BreadcrumbList","@id":"https:\/\/agataluksza.com\/index.php\/my-books\/books\/#breadcrumb","itemListElement":[{"@type":"ListItem","position":1,"name":"Home","item":"https:\/\/agataluksza.com\/"},{"@type":"ListItem","position":2,"name":"Writing","item":"https:\/\/agataluksza.com\/index.php\/my-books\/"},{"@type":"ListItem","position":3,"name":"Books"}]},{"@type":"WebSite","@id":"https:\/\/agataluksza.com\/#website","url":"https:\/\/agataluksza.com\/","name":"Agata \u0141uksza","description":"","potentialAction":[{"@type":"SearchAction","target":{"@type":"EntryPoint","urlTemplate":"https:\/\/agataluksza.com\/?s={search_term_string}"},"query-input":"required name=search_term_string"}],"inLanguage":"en-US"}]}},"_links":{"self":[{"href":"https:\/\/agataluksza.com\/index.php\/wp-json\/wp\/v2\/pages\/123","targetHints":{"allow":["GET"]}}],"collection":[{"href":"https:\/\/agataluksza.com\/index.php\/wp-json\/wp\/v2\/pages"}],"about":[{"href":"https:\/\/agataluksza.com\/index.php\/wp-json\/wp\/v2\/types\/page"}],"author":[{"embeddable":true,"href":"https:\/\/agataluksza.com\/index.php\/wp-json\/wp\/v2\/users\/1"}],"replies":[{"embeddable":true,"href":"https:\/\/agataluksza.com\/index.php\/wp-json\/wp\/v2\/comments?post=123"}],"version-history":[{"count":7,"href":"https:\/\/agataluksza.com\/index.php\/wp-json\/wp\/v2\/pages\/123\/revisions"}],"predecessor-version":[{"id":367,"href":"https:\/\/agataluksza.com\/index.php\/wp-json\/wp\/v2\/pages\/123\/revisions\/367"}],"up":[{"embeddable":true,"href":"https:\/\/agataluksza.com\/index.php\/wp-json\/wp\/v2\/pages\/23"}],"wp:attachment":[{"href":"https:\/\/agataluksza.com\/index.php\/wp-json\/wp\/v2\/media?parent=123"}],"curies":[{"name":"wp","href":"https:\/\/api.w.org\/{rel}","templated":true}]}}